{"id":8,"date":"2019-03-14T15:19:38","date_gmt":"2019-03-14T15:19:38","guid":{"rendered":"http:\/\/conteudos.xl.pt\/leite-energia-desporto\/?page_id=2"},"modified":"2019-04-08T11:46:24","modified_gmt":"2019-04-08T10:46:24","slug":"termos-de-utilizacao","status":"publish","type":"page","link":"https:\/\/conteudos.xl.pt\/leite-energia-desporto\/termos-de-utilizacao\/","title":{"rendered":"Termos de Utiliza\u00e7\u00e3o"},"content":{"rendered":"\n<h2 class=\"wp-block-heading\">Pol\u00edtica de <em>Cookies<\/em><\/h2>\n\n\n\n<p>Para garantir que o nosso <em>site<\/em> apresenta uma boa experi\u00eancia de navega\u00e7\u00e3o para os visitantes e disponibilizar um servi\u00e7o mais personalizado, o nosso servidor utiliza <em>cookies<\/em> para recolher e guardar informa\u00e7\u00e3o. Caso pretenda, poder\u00e1 desativar esta configura\u00e7\u00e3o no seu <em>browser<\/em>, com preju\u00edzo de limitar acesso a determinadas \u00e1reas do <em>site<\/em> ou de receber informa\u00e7\u00e3o personalizada.<\/p>\n\n\n\n<p>A utiliza\u00e7\u00e3o de <em>cookies<\/em> \u00e9 uma pr\u00e1tica corrente na generalidade dos <em>sites<\/em> com o objectivo de poupar tempo ao utilizador e facilitar a navega\u00e7\u00e3o. O <strong>Leite Energia e Desporto<\/strong> poder\u00e1 utilizar cookies com a finalidade de recolher informa\u00e7\u00e3o durante a sua visita ao <em>site<\/em>, tais como as zonas que visita e as actividades em que participa. Estes ficheiros s\u00e3o usados para evitar que o visitante tenha de introduzir repetidamente a sua informa\u00e7\u00e3o pessoal, facilitar a navega\u00e7\u00e3o e a personaliza\u00e7\u00e3o do servi\u00e7o.<\/p>\n\n\n\n<p>Os <em>cookies<\/em> poder\u00e3o ser utilizados para ajudar nas suas utiliza\u00e7\u00f5es futuras na aplica\u00e7\u00e3o. Uma vez que o computador consegue identificar a informa\u00e7\u00e3o pessoal que j\u00e1 foi disponibilizada, n\u00e3o lhe ser\u00e1 pedida novamente informa\u00e7\u00e3o j\u00e1 anteriormente disponibilizada. O utilizador pode aceitar ou eliminar os <em>cookies<\/em>. A maioria dos <em>browsers<\/em> ou aplica\u00e7\u00f5es de navega\u00e7\u00e3o na Internet aceita <em>cookies<\/em> automaticamente. Caso o utilizador n\u00e3o pretenda utilizar <em>cookies<\/em> dever\u00e1 alterar as defini\u00e7\u00f5es do seu <em>browser<\/em> relativamente \u00e0 aceita\u00e7\u00e3o ou n\u00e3o de cookies.<\/p>\n\n\n\n<h4 class=\"wp-block-heading\">Utiliza\u00e7\u00e3o de <em>cookies<\/em><\/h4>\n\n\n\n<p>O <strong>Leite Energia e Desporto<\/strong> utiliza <em>cookies<\/em> que ajudam a oferecer-lhe um melhor servi\u00e7o e experi\u00eancia como utilizador do nosso <em>site<\/em>. Ao continuar a navegar no nosso <em>site<\/em> concorda com a utiliza\u00e7\u00e3o de <em>cookies<\/em>.<\/p>\n\n\n<hr class=\"uk-divider-small\" \/>\n\n\n\n<h2 class=\"wp-block-heading\">Pol\u00edtica de Privacidade<\/h2>\n\n\n\n<p>Por favor leia com aten\u00e7\u00e3o a nossa Pol\u00edtica de Privacidade.<\/p>\n\n\n\n<p>Caso n\u00e3o concorde com a mesma n\u00e3o dever\u00e1 usar o presente <em>site<\/em>.<\/p>\n\n\n\n<p>A presente Pol\u00edtica de Privacidade enuncia as formas de recolha e utiliza\u00e7\u00e3o dos dados pessoais n\u00e3o identificativos, assim como as medidas de salvaguarda e seguran\u00e7a adotadas no tratamento dos mesmos.<\/p>\n\n\n\n<p>O <strong>Leite Energia e Desporto<\/strong>reconhece a import\u00e2ncia da privacidade.\u00a0Nunca venderemos a tua informa\u00e7\u00e3o para terceiros, sejam eles particulares ou empresas.<\/p>\n\n\n\n<p>O <em>website<\/em> leiteenergiadesporto.record.pt \u00e9 propriedade da Cofina Media com morada legal na Rua Luciana Stegagno Picchio n.\u00ba 3 | 1549-023 Lisboa.<\/p>\n\n\n\n<h4 class=\"wp-block-heading\">1. Recolha de Informa\u00e7\u00e3o<\/h4>\n\n\n\n<p>Sempre que for necess\u00e1rio a recolha de informa\u00e7\u00e3o pessoal no \u00e2mbito do <strong>Leite Energia e Desporto<\/strong>, a utiliza\u00e7\u00e3o dessa mesma informa\u00e7\u00e3o ser\u00e1 efetuada no cumprimento da legisla\u00e7\u00e3o aplic\u00e1vel \u00e0 Pol\u00edtica de Prote\u00e7\u00e3o de Dados imposta pela CNPD (Comiss\u00e3o Nacional da Prote\u00e7\u00e3o de Dados, de acordo com o Decreto de Lei n\u00ba 67\/98 de 26 de Outubro, de forma a ser assegurada a confidencialidade e seguran\u00e7a dos dados pessoais fornecidos.<\/p>\n\n\n\n<p>Toda a informa\u00e7\u00e3o \u00e9 recolhida automaticamente, sempre que consulta a nossa p\u00e1gina web. O <strong>Leite Energia e Desporto<\/strong> recolhe dados pessoais n\u00e3o identificativos, tais como endere\u00e7o IP, dados demogr\u00e1ficos e sobre estilos de vida para os fins que adiante se encontram indicados. A entidade respons\u00e1vel pela recolha e tratamento dos dados pessoais \u00e9 a Cofina Media.<\/p>\n\n\n\n<h4 class=\"wp-block-heading\">2. Utiliza\u00e7\u00e3o da Informa\u00e7\u00e3o Recolhida<\/h4>\n\n\n\n<p>O <strong>Leite Energia e Desporto<\/strong> compromete-se a cumprir as normas de tratamento de dados pessoais em vigor em Portugal.<\/p>\n\n\n\n<p>A informa\u00e7\u00e3o obtida poder\u00e1 ser utilizada pelo <strong>Leite Energia e Desporto<\/strong>, para captar informa\u00e7\u00f5es de car\u00e1ter geral de forma a entender o perfil dos utilizadores, e com isso adaptar o que o <strong>Leite Energia e Desporto<\/strong> faz aos seus utilizadores e leitores.<\/p>\n\n\n\n<p>Os dados recolhidos destinam-se exclusivamente a uso exclusivo do <strong>Leite Energia e Desporto<\/strong>, por forma a dar seguimento aos pedidos efetuados atrav\u00e9s desta p\u00e1gina <em>web<\/em>, sendo garantida a privacidade e prote\u00e7\u00e3o dos dados dos utilizadores.<\/p>\n\n\n\n<p>O <strong>Leite Energia e Desporto<\/strong> pode ceder a informa\u00e7\u00e3o pessoal do utilizador a outras empresas do Grupo Cofina, bem como outros parceiros deste projeto, sendo garantido que apenas \u00e9 partilhada a informa\u00e7\u00e3o m\u00ednima necess\u00e1ria para a satisfa\u00e7\u00e3o do pedido.<\/p>\n\n\n\n<h4 class=\"wp-block-heading\">3. Direito de Aceso, Retifica\u00e7\u00e3o, Cancelamento e Oposi\u00e7\u00e3o<\/h4>\n\n\n\n<p>Em conformidade com o disposto na Lei n\u00ba 67\/98 de 26 de Outubro, qualquer pessoa pode solicitar o acesso aos respectivos dados pessoais, podendo tomar conhecimento do seu teor, bem como, exigir a sua retifica\u00e7\u00e3o, atualiza\u00e7\u00e3o ou solicitar a sua destrui\u00e7\u00e3o, por pedido escrito dirigido \u00e0 <strong>Cofina Media \/ Leite Energia e Desporto<\/strong> para o endere\u00e7o de email conteudos@cofina.pt.<\/p>\n\n\n\n<h4 class=\"wp-block-heading\">4. Seguran\u00e7a e Prote\u00e7\u00e3o de Dados<\/h4>\n\n\n\n<p>O <strong>Leite Energia e Desporto<\/strong> compromete-se a adotar as medidas de seguran\u00e7a necess\u00e1rias para garantir a salvaguarda dos dados pessoais dos utilizadores contra a sua eventual utiliza\u00e7\u00e3o abusiva ou contra o acesso n\u00e3o autorizado.<\/p>\n\n\n\n<p>N\u00e3o obstante e, n\u00e3o sendo a <em>internet<\/em> um meio de comunica\u00e7\u00e3o 100% seguro, o <strong>Leite Energia e Desporto<\/strong> n\u00e3o poder\u00e1 garantir a seguran\u00e7a de qualquer informa\u00e7\u00e3o que divulgue <em>online<\/em>, nem responsabilizar-se por perdas ou danos causados ao utilizador como consequ\u00eancia da perda de confidencialidade da informa\u00e7\u00e3o.<\/p>\n\n\n\n<h4 class=\"wp-block-heading\">5. Responsabilidade<\/h4>\n\n\n\n<p>Nesta p\u00e1gina <em>web<\/em> os utilizadores poder\u00e3o encontrar <em>links<\/em> que o reencaminham para outras p\u00e1ginas <em>web<\/em> fora do dom\u00ednio dos servidores do <strong>Leite Energia e Desporto<\/strong> que poder\u00e3o eles pr\u00f3prios recolher dados ou solicitar informa\u00e7\u00e3o pessoal. A presente Pol\u00edtica de Privacidade n\u00e3o se aplica a sites terceiros, pelo que, dever\u00e1 ler a Pol\u00edtica de Privacidade dos sites terceiros que visitar, sendo que n\u00e3o nos responsabilizamos pelo conte\u00fado e informa\u00e7\u00e3o presente nesses mesmos <em>sites<\/em>.<\/p>\n\n\n\n<h4 class=\"wp-block-heading\">6. Concord\u00e2ncia da Pol\u00edtica de Privacidade<\/h4>\n\n\n\n<p>Entende-se que o utilizador aceita as condi\u00e7\u00f5es desta pol\u00edtica de privacidade ao introduzir os seus dados. A continua\u00e7\u00e3o da navega\u00e7\u00e3o sup\u00f5e o consentimento por parte do utilizador do tratamento automatizado e utiliza\u00e7\u00e3o dos dados de acordo com as condi\u00e7\u00f5es de privacidade descritas neste documento.<\/p>\n\n\n\n<h4 class=\"wp-block-heading\">7. Altera\u00e7\u00f5es \u00e0 Pol\u00edtica de Privacidade<\/h4>\n\n\n\n<p>O <strong>Leite Energia e Desporto<\/strong> reserva-se ao direito de, a qualquer momento, atualizar ou rever a presente Pol\u00edtica de Privacidade a fim de a ajustar a eventuais altera\u00e7\u00f5es legislativas e\/ou outros condicionalismos. Qualquer altera\u00e7\u00e3o efetuada ser\u00e1 publicada neste espa\u00e7o, pelo que o utilizador dever\u00e1 visitar frequentemente esta \u00e1rea no sentido de se manter informado sobre a Pol\u00edtica de Privacidade em vigor.<\/p>\n","protected":false},"excerpt":{"rendered":"<p>Pol\u00edtica de Cookies Para garantir que o nosso site apresenta uma boa experi\u00eancia de navega\u00e7\u00e3o para os visitantes e disponibilizar um servi\u00e7o mais personalizado, o nosso servidor utiliza cookies para recolher e guardar informa\u00e7\u00e3o. Caso pretenda, poder\u00e1 desativar esta configura\u00e7\u00e3o no seu browser, com preju\u00edzo de limitar acesso a determinadas \u00e1reas do site ou de [&hellip;]<\/p>\n","protected":false},"author":2,"featured_media":0,"parent":0,"menu_order":0,"comment_status":"closed","ping_status":"open","template":"","meta":{"footnotes":""},"class_list":["post-8","page","type-page","status-publish","hentry"],"_links":{"self":[{"href":"https:\/\/conteudos.xl.pt\/leite-energia-desporto\/wp-json\/wp\/v2\/pages\/8","targetHints":{"allow":["GET"]}}],"collection":[{"href":"https:\/\/conteudos.xl.pt\/leite-energia-desporto\/wp-json\/wp\/v2\/pages"}],"about":[{"href":"https:\/\/conteudos.xl.pt\/leite-energia-desporto\/wp-json\/wp\/v2\/types\/page"}],"author":[{"embeddable":true,"href":"https:\/\/conteudos.xl.pt\/leite-energia-desporto\/wp-json\/wp\/v2\/users\/2"}],"replies":[{"embeddable":true,"href":"https:\/\/conteudos.xl.pt\/leite-energia-desporto\/wp-json\/wp\/v2\/comments?post=8"}],"version-history":[{"count":1,"href":"https:\/\/conteudos.xl.pt\/leite-energia-desporto\/wp-json\/wp\/v2\/pages\/8\/revisions"}],"predecessor-version":[{"id":548,"href":"https:\/\/conteudos.xl.pt\/leite-energia-desporto\/wp-json\/wp\/v2\/pages\/8\/revisions\/548"}],"wp:attachment":[{"href":"https:\/\/conteudos.xl.pt\/leite-energia-desporto\/wp-json\/wp\/v2\/media?parent=8"}],"curies":[{"name":"wp","href":"https:\/\/api.w.org\/{rel}","templated":true}]}}